{"id":141,"date":"2020-02-18T12:53:47","date_gmt":"2020-02-18T11:53:47","guid":{"rendered":"http:\/\/mantisrock.de\/?page_id=141"},"modified":"2025-10-24T14:46:33","modified_gmt":"2025-10-24T13:46:33","slug":"ueber-uns","status":"publish","type":"page","link":"http:\/\/mantisrock.de\/","title":{"rendered":"Das sind wir&#8230;"},"content":{"rendered":"\n<h3 class=\"wp-block-heading\" style=\"font-size:70px\"><strong>MANTIS<\/strong><\/h3>\n\n\n\n<p class=\"has-white-color has-text-color has-link-color wp-elements-9f3ef9e922d1df50f2be34f72e4ae2f4\" style=\"font-size:30px\"><strong>MANTIS \u2013 50 Jahre Rock. Ein Sound. Keine Kompromisse.<\/strong><br>Wir bringen die gr\u00f6\u00dften Rockhits der letzten f\u00fcnf Jahrzehnte auf die B\u00fchne \u2013 laut, ehrlich und mit Vollgas.<br>Von AC\/DC \u00fcber ZZ Top bis Metallica: Songs, die nach Freiheit, Benzin und purem Adrenalin klingen.<br>Ob Bikerfest, Clubparty oder Open Air \u2013 wir liefern euch den Soundtrack f\u00fcr die Stra\u00dfe.<\/p>\n\n\n\n<p class=\"has-white-color has-text-color has-link-color wp-elements-0c8899914fe39636a29e8e81118c00a4\" style=\"font-size:35px\">&#x1f525; <strong>MANTIS \u2013 Echte Rockmusik. Handgemacht. Laut. F\u00fcr Leute, die\u2019s ernst meinen.<\/strong><\/p>\n\n\n\n<h6 class=\"wp-block-heading has-gray-color has-text-color\">Facebook: <a href=\"https:\/\/www.facebook.com\/Mantisulm\/\">http:\/\/www.facebook.com\/Mantisulm\/<\/a><\/h6>\n","protected":false},"excerpt":{"rendered":"<p>MANTIS MANTIS \u2013 50 Jahre Rock. Ein Sound. Keine Kompromisse.Wir bringen die gr\u00f6\u00dften Rockhits der letzten f\u00fcnf Jahrzehnte auf die B\u00fchne \u2013 laut, ehrlich und mit Vollgas.Von AC\/DC \u00fcber ZZ<a href=\"http:\/\/mantisrock.de\/\" class=\"more-link\"><span class=\"readmore\">Continue reading<span class=\"screen-reader-text\">Das sind wir&#8230;<\/span><\/span><\/a><\/p>\n","protected":false},"author":1,"featured_media":0,"parent":0,"menu_order":0,"comment_status":"closed","ping_status":"closed","template":"","meta":{"saved_in_kubio":true,"footnotes":""},"class_list":["post-141","page","type-page","status-publish","hentry"],"kubio_ai_page_context":{"short_desc":"","purpose":"general"},"_links":{"self":[{"href":"http:\/\/mantisrock.de\/index.php?rest_route=\/wp\/v2\/pages\/141","targetHints":{"allow":["GET"]}}],"collection":[{"href":"http:\/\/mantisrock.de\/index.php?rest_route=\/wp\/v2\/pages"}],"about":[{"href":"http:\/\/mantisrock.de\/index.php?rest_route=\/wp\/v2\/types\/page"}],"author":[{"embeddable":true,"href":"http:\/\/mantisrock.de\/index.php?rest_route=\/wp\/v2\/users\/1"}],"replies":[{"embeddable":true,"href":"http:\/\/mantisrock.de\/index.php?rest_route=%2Fwp%2Fv2%2Fcomments&post=141"}],"version-history":[{"count":43,"href":"http:\/\/mantisrock.de\/index.php?rest_route=\/wp\/v2\/pages\/141\/revisions"}],"predecessor-version":[{"id":557,"href":"http:\/\/mantisrock.de\/index.php?rest_route=\/wp\/v2\/pages\/141\/revisions\/557"}],"wp:attachment":[{"href":"http:\/\/mantisrock.de\/index.php?rest_route=%2Fwp%2Fv2%2Fmedia&parent=141"}],"curies":[{"name":"wp","href":"https:\/\/api.w.org\/{rel}","templated":true}]}}